{"id":2,"date":"2018-05-23T00:57:40","date_gmt":"2018-05-23T00:57:40","guid":{"rendered":"http:\/\/www.lexxel.es\/?page_id=2"},"modified":"2018-06-02T11:29:59","modified_gmt":"2018-06-02T11:29:59","slug":"aviso_legal","status":"publish","type":"page","link":"http:\/\/www.lexxel.es\/index.php\/aviso_legal\/","title":{"rendered":"Aviso legal"},"content":{"rendered":"<p>[et_pb_section fb_built=\u00bb1&#8243; _builder_version=\u00bb3.0.47&#8243;][et_pb_row _builder_version=\u00bb3.5.1&#8243; background_size=\u00bbinitial\u00bb background_position=\u00bbtop_left\u00bb background_repeat=\u00bbrepeat\u00bb][et_pb_column type=\u00bb4_4&#8243; _builder_version=\u00bb3.0.47&#8243; parallax=\u00bboff\u00bb parallax_method=\u00bbon\u00bb][et_pb_text _builder_version=\u00bb3.5.1&#8243; background_size=\u00bbinitial\u00bb background_position=\u00bbtop_left\u00bb background_repeat=\u00bbrepeat\u00bb]<\/p>\n<h1>Aviso Legal<\/h1>\n<p>De acuerdo con lo dispuesto en el articulo 10 de la Ley 34\/2002, de Servicios de la Sociedad de la Informaci\u00f3n y de Comercio Electr\u00f3nico, se informa a todos nuestros clientes, usuarios y visitantes sobre la informaci\u00f3n legal relativa a la empresa propietaria del sitio web ubicado en la direcci\u00f3n de Internet www.lexxel.es:<\/p>\n<p>Raz\u00f3n social: LEXXEL SERVICIOS EMPRESARIALES\u00a0 S.L<br \/> Residencia: Espa\u00f1a<br \/> Tel: +34 91 443 0740<br \/> Fax: +34 91 344 1552<br \/> E-mail: webmaster@lexxel.es<br \/> Domicilio: C\/Diego de Leon 59 2\u00aa Pl, 28006 Madrid<br \/> CIF. B82332545<\/p>\n<h3>Pol\u00edtica de Cookies<\/h3>\n<p>Definici\u00f3n y funci\u00f3n de las cookies<br \/> \u00bfQu\u00e9 son las cookies? Una cookie es un fichero que se descarga en su ordenador al acceder a nuestra p\u00e1gina web. Las cookies nos permiten, entre otras cosas, almacenar y recuperar informaci\u00f3n sobre los h\u00e1bitos de navegaci\u00f3n de un usuario o de su equipo y, dependiendo de la informaci\u00f3n que contengan y de la forma en que utilice su equipo, pueden utilizarse para reconocer al usuario.<\/p>\n<p>\u00bfQu\u00e9 tipos de cookies utiliza esta p\u00e1gina web?<br \/> &#8211; Cookies propias: Son aqu\u00e9llas que enviamos a tu ordenador o terminal desde nuestra p\u00e1gina web.<br \/> &#8211; Cookies de terceros: Son aquellas que se env\u00edan a tu ordenador o terminal desde un dominio o una p\u00e1gina web que no es gestionada por nosotros, sino por otra entidad que trata los datos obtenidos a trav\u00e9s de las cookies.<br \/> &#8211; Cookies de sesi\u00f3n: Son un tipo de cookies disen\u0303adas para recabar y almacenar datos mientras accedes a nuestra web.<br \/> &#8211; Cookies persistentes: Son un tipo de cookies en el que los datos siguen almacenados en el terminal y pueden ser accedidos y tratados durante un periodo determinado de tiempo, y que puede ir de unos minutos a varios a\u00f1os.<br \/> &#8211; Cookies de an\u00e1lisis: Son aqu\u00e9llas que bien tratadas por nosotros o por terceros, nos permiten cuantificar el n\u00famero de usuarios y realizar la medici\u00f3n y an\u00e1lisis estad\u00edstico de la utilizaci\u00f3n que hacen los usuarios de nuestra web. Para ello analizamos la navegaci\u00f3n en nuestra p\u00e1gina web con el fin de mejorar la oferta de productos o servicios que le ofrecemos.<\/p>\n<p>Cookies Propias<br \/> &#8211; CF Cookie Banner: WP Cookie Banner es un plu\u00adgin gra\u00adtu\u00adito que se ocupa de la Ley de las Cookies de la UE. Utilizando el m\u00e9todo de \u2018Consentimiento Impl\u00edcito\u2019 , WP Cookie Ban\u00adner a\u00f1ade un aviso completamente adaptable al sitio web que notifica los usuarios sobre el uso de cookies.<\/p>\n<p>Cookies de terceros, Empresas colaboradoras<\/p>\n<p>En concreto los prestadores de servicios con los que hemos contratado alg\u00fan servicio para el que es necesario la utilizaci\u00f3n de cookies son :<\/p>\n<p>&#8211; GOOGLE y se usan para analizar y emitir estad\u00edsticas de uso de la web, si desea obtener m\u00e1s informaci\u00f3n sobre para qu\u00e9 va a usar las cookies pulse aqui\u0301:https:\/\/developers.google.com\/analytics\/devguides\/collection\/analyticsjs\/cookie-usage?hl=es<br \/> La cookies en concreto se llaman: \u00ab_ga\u00bb y \u00ab_gid\u00bb. son cookies de: Sesi\u00f3n, Persistentes y de An\u00e1lisis.<\/p>\n<p>Nos permiten obtener la siguiente informaci\u00f3n:<\/p>\n<p>El nombre de dominio del proveedor que les da acceso a la red. De esta manera podemos elaborar estad\u00edsticas sobre los pa\u00edses y servidores que visitan m\u00e1s a menudo nuestro website.<br \/> La fecha y hora de acceso a nuestro web. Ello nos permite averiguar las horas de m\u00e1s afluencia, y hacer los ajustes precisos para evitar problemas de saturaci\u00f3n en nuestras horas punta.<br \/> La direcci\u00f3n Ip y la direcci\u00f3n Internet desde la que parti\u00f3 el link que dirige a nuestro web. Gracias a este dato, podemos conocer la efectividad de los distintos banners y enlaces que apuntan a nuestro servidor, con el fin de potenciar los que ofrezcan mejores resultados, en orden a satisfacer las necesidades de informaci\u00f3n de nuestros visitantes.<br \/> El n\u00famero de visitantes diarios de cada secci\u00f3n. Ello nos permite conocer las \u00e1reas de m\u00e1s \u00e9xito y aumentar y mejorar su contenido, con el fin de que los usuarios obtengan un resultado m\u00e1s satisfactorio.<br \/> La informaci\u00f3n obtenida a trav\u00e9s de estas cookies, referida al equipo del usuario, podr\u00e1 ser combinada con sus datos personales s\u00f3lo si Ud. est\u00e1 registrado en este sitio web.<\/p>\n<p>El usuario tiene la opci\u00f3n de impedir la generaci\u00f3n de cookies, mediante la selecci\u00f3n de la correspondiente opci\u00f3n en su programa navegador, o bien otras herramientas de terceros, disponibles on line, que permiten a los usuarios detectar las cookies en cada sitio web que visita y gestionar su desactivaci\u00f3n. Aunque en ese caso, no podremos ofrecer en el futuro servicios personalizados que podr\u00e1n incorporar ventajas para nuestros visitantes.<\/p>\n<p>Administraci\u00f3n de las cookies<br \/> Puedes permitir, bloquear o eliminar las cookies instaladas en su equipo mediante la configuraci\u00f3n de las opciones del navegador instalado en su ordenador.<br \/> &#8211; Puedes obtener m\u00e1s informaci\u00f3n sobre el navegador Firefox desde aqu\u00ed:<br \/> https:\/\/support.mozilla.org\/es\/kb\/habilitar-y-deshabilitar-cookies-sitios-web-rastrear- preferencias?redirectlocale=es&amp;redirectslug=habilitar-y-deshabilitar-cookies-que-los-sitios-we<br \/> &#8211; Puedes obtener m\u00e1s informaci\u00f3n sobre el navegador Chrome desde aqu\u00ed:<br \/> https:\/\/support.google.com\/chrome\/answer\/95647?hl=es<br \/> &#8211; Puedes obtener m\u00e1s informaci\u00f3n sobre el navegador Internet Explorer desde aqu\u00ed:<br \/> https:\/\/support.microsoft.com\/es-es\/help\/17442\/windows-internet-explorer-delete-manage-cookies<br \/> &#8211; Puedes obtener m\u00e1s informaci\u00f3n sobre el navegador Safari desde aqu\u00ed:<br \/> https:\/\/support.apple.com\/kb\/PH19214?viewlocale=es_ES&amp;locale=es_ES<br \/> &#8211; Puedes obtener m\u00e1s informaci\u00f3n sobre el navegador Opera desde aqu\u00ed:<br \/> http:\/\/help.opera.com\/Windows\/11.50\/es-ES\/cookies.html<\/p>\n<p>[\/et_pb_text][\/et_pb_column][\/et_pb_row][\/et_pb_section]<\/p>\n","protected":false},"excerpt":{"rendered":"<p>[et_pb_section fb_built=\u00bb1&#8243; _builder_version=\u00bb3.0.47&#8243;][et_pb_row _builder_version=\u00bb3.5.1&#8243; background_size=\u00bbinitial\u00bb background_position=\u00bbtop_left\u00bb background_repeat=\u00bbrepeat\u00bb][et_pb_column type=\u00bb4_4&#8243; _builder_version=\u00bb3.0.47&#8243; parallax=\u00bboff\u00bb parallax_method=\u00bbon\u00bb][et_pb_text _builder_version=\u00bb3.5.1&#8243; background_size=\u00bbinitial\u00bb background_position=\u00bbtop_left\u00bb background_repeat=\u00bbrepeat\u00bb] Aviso Legal De acuerdo con lo dispuesto en el articulo 10 de la Ley 34\/2002, de Servicios de la Sociedad de la Informaci\u00f3n y de Comercio Electr\u00f3nico, se informa a todos nuestros clientes, usuarios y visitantes sobre la informaci\u00f3n legal [&hellip;]<\/p>\n","protected":false},"author":1,"featured_media":0,"parent":0,"menu_order":0,"comment_status":"closed","ping_status":"open","template":"","meta":{"_et_pb_use_builder":"on","_et_pb_old_content":"<p>Aviso Legal<\/p><p>De acuerdo con lo dispuesto en el articulo 10 de la Ley 34\/2002, de Servicios de la Sociedad de la Informaci\u00f3n y de Comercio Electr\u00f3nico, se informa a todos nuestros clientes, usuarios y visitantes sobre la informaci\u00f3n legal relativa a la empresa propietaria del sitio web ubicado en la direcci\u00f3n de Internet www.lexxel.es:<\/p><p>Raz\u00f3n social: LEXXEL SERVICIOS EMPRESARIALES\u00a0 S.L<br \/>Residencia: Espa\u00f1a<br \/>Tel: +34 91 443 0740<br \/>Fax: +34 91 344 1552<br \/>E-mail: webmaster@lexxel.es<br \/>Domicilio: C\/Diego de Leon 59 2\u00aa Pl, 28006 Madrid<br \/>CIF. B82332545<\/p><p>Pol\u00edtica de Cookies<\/p><p>Definici\u00f3n y funci\u00f3n de las cookies<br \/>\u00bfQu\u00e9 son las cookies? Una cookie es un fichero que se descarga en su ordenador al acceder a nuestra p\u00e1gina web. Las cookies nos permiten, entre otras cosas, almacenar y recuperar informaci\u00f3n sobre los h\u00e1bitos de navegaci\u00f3n de un usuario o de su equipo y, dependiendo de la informaci\u00f3n que contengan y de la forma en que utilice su equipo, pueden utilizarse para reconocer al usuario.<\/p><p>\u00bfQu\u00e9 tipos de cookies utiliza esta p\u00e1gina web?<br \/>- Cookies propias: Son aqu\u00e9llas que enviamos a tu ordenador o terminal desde nuestra p\u00e1gina web.<br \/>- Cookies de terceros: Son aquellas que se env\u00edan a tu ordenador o terminal desde un dominio o una p\u00e1gina web que no es gestionada por nosotros, sino por otra entidad que trata los datos obtenidos a trav\u00e9s de las cookies.<br \/>- Cookies de sesi\u00f3n: Son un tipo de cookies disen\u0303adas para recabar y almacenar datos mientras accedes a nuestra web.<br \/>- Cookies persistentes: Son un tipo de cookies en el que los datos siguen almacenados en el terminal y pueden ser accedidos y tratados durante un periodo determinado de tiempo, y que puede ir de unos minutos a varios a\u00f1os.<br \/>- Cookies de an\u00e1lisis: Son aqu\u00e9llas que bien tratadas por nosotros o por terceros, nos permiten cuantificar el n\u00famero de usuarios y realizar la medici\u00f3n y an\u00e1lisis estad\u00edstico de la utilizaci\u00f3n que hacen los usuarios de nuestra web. Para ello analizamos la navegaci\u00f3n en nuestra p\u00e1gina web con el fin de mejorar la oferta de productos o servicios que le ofrecemos.<\/p><p>Cookies Propias<br \/>- CF Cookie Banner: WP Cookie Banner es un plu\u00adgin gra\u00adtu\u00adito que se ocupa de la Ley de las Cookies de la UE. Utilizando el m\u00e9todo de \u2018Consentimiento Impl\u00edcito\u2019 , WP Cookie Ban\u00adner a\u00f1ade un aviso completamente adaptable al sitio web que notifica los usuarios sobre el uso de cookies.<\/p><p>Cookies de terceros, Empresas colaboradoras<\/p><p>En concreto los prestadores de servicios con los que hemos contratado alg\u00fan servicio para el que es necesario la utilizaci\u00f3n de cookies son :<\/p><p>- GOOGLE y se usan para analizar y emitir estad\u00edsticas de uso de la web, si desea obtener m\u00e1s informaci\u00f3n sobre para qu\u00e9 va a usar las cookies pulse aqui\u0301:https:\/\/developers.google.com\/analytics\/devguides\/collection\/analyticsjs\/cookie-usage?hl=es<br \/>La cookies en concreto se llaman: \"_ga\" y \"_gid\". son cookies de: Sesi\u00f3n, Persistentes y de An\u00e1lisis.<\/p><p>Nos permiten obtener la siguiente informaci\u00f3n:<\/p><p>El nombre de dominio del proveedor que les da acceso a la red. De esta manera podemos elaborar estad\u00edsticas sobre los pa\u00edses y servidores que visitan m\u00e1s a menudo nuestro website.<br \/>La fecha y hora de acceso a nuestro web. Ello nos permite averiguar las horas de m\u00e1s afluencia, y hacer los ajustes precisos para evitar problemas de saturaci\u00f3n en nuestras horas punta.<br \/>La direcci\u00f3n Ip y la direcci\u00f3n Internet desde la que parti\u00f3 el link que dirige a nuestro web. Gracias a este dato, podemos conocer la efectividad de los distintos banners y enlaces que apuntan a nuestro servidor, con el fin de potenciar los que ofrezcan mejores resultados, en orden a satisfacer las necesidades de informaci\u00f3n de nuestros visitantes.<br \/>El n\u00famero de visitantes diarios de cada secci\u00f3n. Ello nos permite conocer las \u00e1reas de m\u00e1s \u00e9xito y aumentar y mejorar su contenido, con el fin de que los usuarios obtengan un resultado m\u00e1s satisfactorio.<br \/>La informaci\u00f3n obtenida a trav\u00e9s de estas cookies, referida al equipo del usuario, podr\u00e1 ser combinada con sus datos personales s\u00f3lo si Ud. est\u00e1 registrado en este sitio web.<\/p><p>El usuario tiene la opci\u00f3n de impedir la generaci\u00f3n de cookies, mediante la selecci\u00f3n de la correspondiente opci\u00f3n en su programa navegador, o bien otras herramientas de terceros, disponibles on line, que permiten a los usuarios detectar las cookies en cada sitio web que visita y gestionar su desactivaci\u00f3n. Aunque en ese caso, no podremos ofrecer en el futuro servicios personalizados que podr\u00e1n incorporar ventajas para nuestros visitantes.<\/p><p>Administraci\u00f3n de las cookies<br \/>Puedes permitir, bloquear o eliminar las cookies instaladas en su equipo mediante la configuraci\u00f3n de las opciones del navegador instalado en su ordenador.<br \/>- Puedes obtener m\u00e1s informaci\u00f3n sobre el navegador Firefox desde aqu\u00ed:<br \/>https:\/\/support.mozilla.org\/es\/kb\/habilitar-y-deshabilitar-cookies-sitios-web-rastrear- preferencias?redirectlocale=es&amp;redirectslug=habilitar-y-deshabilitar-cookies-que-los-sitios-we<br \/>- Puedes obtener m\u00e1s informaci\u00f3n sobre el navegador Chrome desde aqu\u00ed:<br \/>https:\/\/support.google.com\/chrome\/answer\/95647?hl=es<br \/>- Puedes obtener m\u00e1s informaci\u00f3n sobre el navegador Internet Explorer desde aqu\u00ed:<br \/>https:\/\/support.microsoft.com\/es-es\/help\/17442\/windows-internet-explorer-delete-manage-cookies<br \/>- Puedes obtener m\u00e1s informaci\u00f3n sobre el navegador Safari desde aqu\u00ed:<br \/>https:\/\/support.apple.com\/kb\/PH19214?viewlocale=es_ES&amp;locale=es_ES<br \/>- Puedes obtener m\u00e1s informaci\u00f3n sobre el navegador Opera desde aqu\u00ed:<br \/>http:\/\/help.opera.com\/Windows\/11.50\/es-ES\/cookies.html<\/p>"},"yoast_head":"<!-- This site is optimized with the Yoast SEO plugin v19.12 - https:\/\/yoast.com\/wordpress\/plugins\/seo\/ -->\r\n<title>Aviso legal | LEXXEL SERVICIOS EMPRESARIALES<\/title>\r\n<meta name=\"robots\" content=\"index, follow, max-snippet:-1, max-image-preview:large, max-video-preview:-1\" \/>\r\n<link rel=\"canonical\" href=\"http:\/\/www.lexxel.es\/index.php\/aviso_legal\/\" \/>\r\n<meta property=\"og:locale\" content=\"es_ES\" \/>\r\n<meta property=\"og:type\" content=\"article\" \/>\r\n<meta property=\"og:title\" content=\"Aviso legal | LEXXEL SERVICIOS EMPRESARIALES\" \/>\r\n<meta property=\"og:description\" content=\"[et_pb_section fb_built=\u00bb1&#8243; _builder_version=\u00bb3.0.47&#8243;][et_pb_row _builder_version=\u00bb3.5.1&#8243; background_size=\u00bbinitial\u00bb background_position=\u00bbtop_left\u00bb background_repeat=\u00bbrepeat\u00bb][et_pb_column type=\u00bb4_4&#8243; _builder_version=\u00bb3.0.47&#8243; parallax=\u00bboff\u00bb parallax_method=\u00bbon\u00bb][et_pb_text _builder_version=\u00bb3.5.1&#8243; background_size=\u00bbinitial\u00bb background_position=\u00bbtop_left\u00bb background_repeat=\u00bbrepeat\u00bb] Aviso Legal De acuerdo con lo dispuesto en el articulo 10 de la Ley 34\/2002, de Servicios de la Sociedad de la Informaci\u00f3n y de Comercio Electr\u00f3nico, se informa a todos nuestros clientes, usuarios y visitantes sobre la informaci\u00f3n legal [&hellip;]\" \/>\r\n<meta property=\"og:url\" content=\"http:\/\/www.lexxel.es\/index.php\/aviso_legal\/\" \/>\r\n<meta property=\"og:site_name\" content=\"LEXXEL SERVICIOS EMPRESARIALES\" \/>\r\n<meta property=\"article:modified_time\" content=\"2018-06-02T11:29:59+00:00\" \/>\r\n<meta name=\"twitter:card\" content=\"summary_large_image\" \/>\r\n<meta name=\"twitter:label1\" content=\"Tiempo de lectura\" \/>\n\t<meta name=\"twitter:data1\" content=\"5 minutos\" \/>\r\n<script type=\"application\/ld+json\" class=\"yoast-schema-graph\">{\"@context\":\"https:\/\/schema.org\",\"@graph\":[{\"@type\":\"WebPage\",\"@id\":\"http:\/\/www.lexxel.es\/index.php\/aviso_legal\/\",\"url\":\"http:\/\/www.lexxel.es\/index.php\/aviso_legal\/\",\"name\":\"Aviso legal | LEXXEL SERVICIOS EMPRESARIALES\",\"isPartOf\":{\"@id\":\"http:\/\/www.lexxel.es\/#website\"},\"datePublished\":\"2018-05-23T00:57:40+00:00\",\"dateModified\":\"2018-06-02T11:29:59+00:00\",\"breadcrumb\":{\"@id\":\"http:\/\/www.lexxel.es\/index.php\/aviso_legal\/#breadcrumb\"},\"inLanguage\":\"es\",\"potentialAction\":[{\"@type\":\"ReadAction\",\"target\":[\"http:\/\/www.lexxel.es\/index.php\/aviso_legal\/\"]}]},{\"@type\":\"BreadcrumbList\",\"@id\":\"http:\/\/www.lexxel.es\/index.php\/aviso_legal\/#breadcrumb\",\"itemListElement\":[{\"@type\":\"ListItem\",\"position\":1,\"name\":\"Portada\",\"item\":\"http:\/\/www.lexxel.es\/\"},{\"@type\":\"ListItem\",\"position\":2,\"name\":\"Aviso legal\"}]},{\"@type\":\"WebSite\",\"@id\":\"http:\/\/www.lexxel.es\/#website\",\"url\":\"http:\/\/www.lexxel.es\/\",\"name\":\"LEXXEL SERVICIOS EMPRESARIALES\",\"description\":\"Lexxel Servicios Empresariales ofrece todos los servicios para la gesti\u00f3n de empresa. Desde lo m\u00e1s b\u00e1sico, como clasificar su documentaci\u00f3n, hasta la gesti\u00f3n de todas las obligaciones tributarias\",\"publisher\":{\"@id\":\"http:\/\/www.lexxel.es\/#organization\"},\"potentialAction\":[{\"@type\":\"SearchAction\",\"target\":{\"@type\":\"EntryPoint\",\"urlTemplate\":\"http:\/\/www.lexxel.es\/?s={search_term_string}\"},\"query-input\":\"required name=search_term_string\"}],\"inLanguage\":\"es\"},{\"@type\":\"Organization\",\"@id\":\"http:\/\/www.lexxel.es\/#organization\",\"name\":\"LEXXEL SERVICIOS EMPRESARIALES\",\"url\":\"http:\/\/www.lexxel.es\/\",\"logo\":{\"@type\":\"ImageObject\",\"inLanguage\":\"es\",\"@id\":\"http:\/\/www.lexxel.es\/#\/schema\/logo\/image\/\",\"url\":\"http:\/\/www.lexxel.es\/wp-content\/uploads\/2018\/05\/logo.png\",\"contentUrl\":\"http:\/\/www.lexxel.es\/wp-content\/uploads\/2018\/05\/logo.png\",\"width\":200,\"height\":200,\"caption\":\"LEXXEL SERVICIOS EMPRESARIALES\"},\"image\":{\"@id\":\"http:\/\/www.lexxel.es\/#\/schema\/logo\/image\/\"}}]}<\/script>\r\n<!-- \/ Yoast SEO plugin. -->","yoast_head_json":{"title":"Aviso legal | LEXXEL SERVICIOS EMPRESARIALES","robots":{"index":"index","follow":"follow","max-snippet":"max-snippet:-1","max-image-preview":"max-image-preview:large","max-video-preview":"max-video-preview:-1"},"canonical":"http:\/\/www.lexxel.es\/index.php\/aviso_legal\/","og_locale":"es_ES","og_type":"article","og_title":"Aviso legal | LEXXEL SERVICIOS EMPRESARIALES","og_description":"[et_pb_section fb_built=\u00bb1&#8243; _builder_version=\u00bb3.0.47&#8243;][et_pb_row _builder_version=\u00bb3.5.1&#8243; background_size=\u00bbinitial\u00bb background_position=\u00bbtop_left\u00bb background_repeat=\u00bbrepeat\u00bb][et_pb_column type=\u00bb4_4&#8243; _builder_version=\u00bb3.0.47&#8243; parallax=\u00bboff\u00bb parallax_method=\u00bbon\u00bb][et_pb_text _builder_version=\u00bb3.5.1&#8243; background_size=\u00bbinitial\u00bb background_position=\u00bbtop_left\u00bb background_repeat=\u00bbrepeat\u00bb] Aviso Legal De acuerdo con lo dispuesto en el articulo 10 de la Ley 34\/2002, de Servicios de la Sociedad de la Informaci\u00f3n y de Comercio Electr\u00f3nico, se informa a todos nuestros clientes, usuarios y visitantes sobre la informaci\u00f3n legal [&hellip;]","og_url":"http:\/\/www.lexxel.es\/index.php\/aviso_legal\/","og_site_name":"LEXXEL SERVICIOS EMPRESARIALES","article_modified_time":"2018-06-02T11:29:59+00:00","twitter_card":"summary_large_image","twitter_misc":{"Tiempo de lectura":"5 minutos"},"schema":{"@context":"https:\/\/schema.org","@graph":[{"@type":"WebPage","@id":"http:\/\/www.lexxel.es\/index.php\/aviso_legal\/","url":"http:\/\/www.lexxel.es\/index.php\/aviso_legal\/","name":"Aviso legal | LEXXEL SERVICIOS EMPRESARIALES","isPartOf":{"@id":"http:\/\/www.lexxel.es\/#website"},"datePublished":"2018-05-23T00:57:40+00:00","dateModified":"2018-06-02T11:29:59+00:00","breadcrumb":{"@id":"http:\/\/www.lexxel.es\/index.php\/aviso_legal\/#breadcrumb"},"inLanguage":"es","potentialAction":[{"@type":"ReadAction","target":["http:\/\/www.lexxel.es\/index.php\/aviso_legal\/"]}]},{"@type":"BreadcrumbList","@id":"http:\/\/www.lexxel.es\/index.php\/aviso_legal\/#breadcrumb","itemListElement":[{"@type":"ListItem","position":1,"name":"Portada","item":"http:\/\/www.lexxel.es\/"},{"@type":"ListItem","position":2,"name":"Aviso legal"}]},{"@type":"WebSite","@id":"http:\/\/www.lexxel.es\/#website","url":"http:\/\/www.lexxel.es\/","name":"LEXXEL SERVICIOS EMPRESARIALES","description":"Lexxel Servicios Empresariales ofrece todos los servicios para la gesti\u00f3n de empresa. Desde lo m\u00e1s b\u00e1sico, como clasificar su documentaci\u00f3n, hasta la gesti\u00f3n de todas las obligaciones tributarias","publisher":{"@id":"http:\/\/www.lexxel.es\/#organization"},"potentialAction":[{"@type":"SearchAction","target":{"@type":"EntryPoint","urlTemplate":"http:\/\/www.lexxel.es\/?s={search_term_string}"},"query-input":"required name=search_term_string"}],"inLanguage":"es"},{"@type":"Organization","@id":"http:\/\/www.lexxel.es\/#organization","name":"LEXXEL SERVICIOS EMPRESARIALES","url":"http:\/\/www.lexxel.es\/","logo":{"@type":"ImageObject","inLanguage":"es","@id":"http:\/\/www.lexxel.es\/#\/schema\/logo\/image\/","url":"http:\/\/www.lexxel.es\/wp-content\/uploads\/2018\/05\/logo.png","contentUrl":"http:\/\/www.lexxel.es\/wp-content\/uploads\/2018\/05\/logo.png","width":200,"height":200,"caption":"LEXXEL SERVICIOS EMPRESARIALES"},"image":{"@id":"http:\/\/www.lexxel.es\/#\/schema\/logo\/image\/"}}]}},"_links":{"self":[{"href":"http:\/\/www.lexxel.es\/index.php\/wp-json\/wp\/v2\/pages\/2"}],"collection":[{"href":"http:\/\/www.lexxel.es\/index.php\/wp-json\/wp\/v2\/pages"}],"about":[{"href":"http:\/\/www.lexxel.es\/index.php\/wp-json\/wp\/v2\/types\/page"}],"author":[{"embeddable":true,"href":"http:\/\/www.lexxel.es\/index.php\/wp-json\/wp\/v2\/users\/1"}],"replies":[{"embeddable":true,"href":"http:\/\/www.lexxel.es\/index.php\/wp-json\/wp\/v2\/comments?post=2"}],"version-history":[{"count":5,"href":"http:\/\/www.lexxel.es\/index.php\/wp-json\/wp\/v2\/pages\/2\/revisions"}],"predecessor-version":[{"id":206124,"href":"http:\/\/www.lexxel.es\/index.php\/wp-json\/wp\/v2\/pages\/2\/revisions\/206124"}],"wp:attachment":[{"href":"http:\/\/www.lexxel.es\/index.php\/wp-json\/wp\/v2\/media?parent=2"}],"curies":[{"name":"wp","href":"https:\/\/api.w.org\/{rel}","templated":true}]}}